{"id":35,"date":"2025-11-05T21:03:12","date_gmt":"2025-11-05T20:03:12","guid":{"rendered":"http:\/\/658143.test-my-website.de\/?page_id=35"},"modified":"2026-01-19T15:59:19","modified_gmt":"2026-01-19T14:59:19","slug":"programme","status":"publish","type":"page","link":"https:\/\/stephaniebiesolt.de\/index.php\/programme\/","title":{"rendered":"Programme"},"content":{"rendered":"\n<p class=\"has-text-color has-link-color has-extra-large-font-size wp-elements-545eda587fc8d3a4a327ea825a752280\" id=\"007\" style=\"color:#f6ade2\"><strong>&#8222;Auf die Armen mit Gebr\u00fcll&#8220;<\/strong><\/p>\n\n\n\n<p class=\"has-content-heading-font-size\">Premiere am 14.03.2026, Studio Theater Stuttgart<\/p>\n\n\n\n<p class=\"has-upper-heading-font-size\">Sozialhilfe, Hartz4, B\u00fcrgergeld, Grundsicherung. Die staatliche Absicherung vor Arbeitslosigkeit hatte schon viele Namen. Und alle wurden durch den Dreck gezogen. Im Schlepptau, die Menschen, die auf sie angewiesen sind. Arm wird gegen \u00c4rmer ausgespielt. Warum funktioniert das so gut? Warum haben Politiker*innen das Thema gerade jetzt wieder f\u00fcr sich entdeckt? Warum fallen ihnen die Zeigefinger fast ab, wenn sie auf die &#8222;Totalverweiger*innen&#8220; deuten? Warum emp\u00f6rt sie Steuerflucht in Milliardenh\u00f6he nicht, daf\u00fcr Menschen ohne deutschen Pass im Existenszminimum umso mehr? Welche Funktion hat der Sozialstaat in einer Demokratie? Gab&#8217;s da nicht mal ne &#8222;Lehre aus der Geschichte&#8220; aus der der Sozialstaat nach dem 2. Weltkrieg gestaltet wurde? Und wie h\u00e4ngen der Sozialstaat und Arbeitnehmer*innenrechte zusammen?&nbsp;W\u00e4rmt die Lachmuskeln auf, bringt euch ne Handvoll Stressb\u00e4lle mit und schnallt euch an. Wir gehen rein. <\/p>\n\n\n\n<p class=\"has-upper-heading-font-size\">Spielpartnerin: Marion Jeiter<\/p>\n\n\n\n<p class=\"has-text-color has-link-color has-extra-large-font-size wp-elements-f0ff7a69380f295419011f71d3c2f22e\" id=\"008\" style=\"color:#f6ade2\"><strong>&#8222;War Was?!&#8220; &#8211; Soloprogramm<\/strong><\/p>\n\n\n\n<p class=\"has-content-heading-font-size\">Premiere am 11.12.2025, Poppinski Esslingen<\/p>\n\n\n\n<p class=\"has-upper-heading-font-size\">In ihrem ersten Kabarett Soloprogramm&nbsp;<strong>\u00bbWar was?!\u00ab<\/strong>&nbsp;nimmt Stephanie Biesolt die Gesellschaft unter die Lupe.<\/p>\n\n\n\n<p class=\"has-upper-heading-font-size\">Gef\u00fchlte Fakten, faktische Heuchelei und vorgeheuchelte Gef\u00fchle. Nichts entgeht ihrem klaren Blick und ihrer scharfen Zunge. Mit viel Biss, einer Portion Emp\u00f6rung und mit gro\u00dfer Freude an Widerspr\u00fcchen, fasst sie das Jahr zusammen. Sie schl\u00e4gt sich vor den Kopf, bei\u00dft in die Tischkante und wird nicht m\u00fcde, nach Menschlichkeit in Politik und Gesellschaft zu suchen. W\u00e4rmt die Lachmuskeln auf, bringt euch Stressb\u00e4lle mit, hier bleibt kein Gem\u00fct unbewegt.<\/p>\n\n\n\n<p class=\"has-upper-heading-font-size\">Das Programm wird st\u00e4ndig aktualisiert.\u00a0<\/p>\n\n\n\n<figure class=\"wp-block-image size-large is-resized\"><img loading=\"lazy\" decoding=\"async\" width=\"1024\" height=\"683\" src=\"http:\/\/658143.test-my-website.de\/wp-content\/uploads\/2025\/11\/9M4A2193-1024x683.jpg\" alt=\"\" class=\"wp-image-124\" style=\"width:500px\" srcset=\"https:\/\/stephaniebiesolt.de\/wp-content\/uploads\/2025\/11\/9M4A2193-1024x683.jpg 1024w, https:\/\/stephaniebiesolt.de\/wp-content\/uploads\/2025\/11\/9M4A2193-300x200.jpg 300w, https:\/\/stephaniebiesolt.de\/wp-content\/uploads\/2025\/11\/9M4A2193-768x512.jpg 768w, https:\/\/stephaniebiesolt.de\/wp-content\/uploads\/2025\/11\/9M4A2193-1536x1024.jpg 1536w, https:\/\/stephaniebiesolt.de\/wp-content\/uploads\/2025\/11\/9M4A2193-2048x1365.jpg 2048w\" sizes=\"auto, (max-width: 1024px) 100vw, 1024px\" \/><\/figure>\n\n\n\n<p class=\"has-text-color has-link-color has-extra-large-font-size wp-elements-68cf0c7e12fd8896fc30ba9bf29a0c81\" id=\"006\" style=\"color:#f6ade2\"><strong>\u201eEmanzipation \u2013 Sind wir bald daaa?\u201c<\/strong><\/p>\n\n\n\n<p class=\"has-content-heading-font-size\">Premiere 27.11.2025, Studio Theater Stuttgart<\/p>\n\n\n\n<p class=\"has-upper-heading-font-size\">Jede Bewegung erzeugt eine Gegenbewegung. Auch die feministischen Bewegungen.<br>\u00bbIs bald mal genug? Was wollt ihr denn noch? Also langsam reicht\u2019s doch!\u00ab<br><br>TradWives, Tech Bros, Botox \u2013 Party am Wochenende. Die Gegenbewegung zum Feminismus bl\u00fcht zurzeit und feiert Wahlerfolge in vielen westlichen L\u00e4ndern. Wir schauen uns an, was da gerade los ist. Wie Sexismus und Transfeindlichkeit im Zusammenhang mit unserem \u00f6konomischen System (pssst, Kapitalismus) stehen. Was Ausbeutung, Gewalt und Machtanspruch damit zu tun hat. Und warum emanzipatorische K\u00e4mpfe um Gleichberechtigung, Gleichstellung, Chancengleichheit, Wahlfreiheit und Selbstbestimmung alle Geschlechter mit einschlie\u00dfen und allen zu Gute kommen werden.<br><br>Was haben eine Motorradtour, eine Erdbeerrolle und ein kaputter Campingkocher damit zu tun?<br>Ihr werdet es sehen.<\/p>\n\n\n\n<p class=\"has-upper-heading-font-size\">Spielpartnerin: Sabine Br\u00e4uning\u00a0<\/p>\n\n\n\n<p class=\"has-text-color has-link-color has-extra-large-font-size wp-elements-6f9a5e7ad405d749ea2fb63e8f2faad5\" id=\"005\" style=\"color:#f6ade2\"><strong>&#8222;BURST THE BUBBLE &#8211; BITTE EINMAL RAUS AUS DER FILTERBLASE&#8220;<\/strong><\/p>\n\n\n\n<p class=\"has-content-heading-font-size\">Premiere 05.03.2025<\/p>\n\n\n\n<p class=\"has-upper-heading-font-size\">Soziale Medien, Filterblasen, Online-Trolle, Algorithmen, Meinungsmache, Meinungsbildung, Medienkompetenz, Aufmerksamkeits-\u00d6konomie, FakeNews, gef\u00fchlte Wahrheiten, emotionalisierte Debatten, verrohter Diskurs. Schnelle Klicks, kurze Videos, einfache Antworten. Euch schwirrt der Kopf? Uns auch!<br><br>Mit ihrer Spielpartnerin Sabine Dotzer blickt Stephanie Biesolt auf diesen gro\u00dfen Themenkomplex. Das Internet: Fluch oder Segen? Wie gestaltet sich der digitale Diskurs? Was macht die neue Art der Informationsaufnahme mit unserem Hirn? Was macht die digitale Kommunikation mit unseren Beziehungen? Wie schwer ist es die eigene Blase zum platzen zu bringen? Und wieso ist am Ende des Tages der Akku schon wieder leer?<br><br>Was haben Schwimmfl\u00fcgel, ein voller Aktenordner und eine Backmischung mit dem Thema zu tun? Ihr werdet es sehen!<\/p>\n\n\n\n<p class=\"has-text-color has-link-color has-extra-large-font-size wp-elements-491827f2a17217ab35823179fc02c968\" id=\"004\" style=\"color:#f6ade2\"><strong>Meine Entscheidung \u2013 oder doch nicht?!<\/strong><\/p>\n\n\n\n<p class=\"has-content-heading-font-size\">Premiere: 11.03.2025, Esslinger Frauenwochen.<\/p>\n\n\n\n<p class=\"has-upper-heading-font-size\">\u201eSie sind schwanger\u201c \u2013 \u201eAch du Schei\u00dfe.\u201c <br><br>Nicht f\u00fcr jede Person ist eine Schwangerschaft eine \u201efrohe Botschaft\u201c. Und jetzt?<br>Schwangerschaftsabbruch und k\u00f6rperliche Selbstbestimmung sind noch immer Themen, \u00fcber die entweder laut gestritten oder noch lauter geschwiegen wird. <br>In einer Zeit, in der emanzipatorisch erk\u00e4mpfte Freiheiten angegriffen werden, m\u00fcssen wir uns auch mit diesem Thema besch\u00e4ftigen und unsere Haltung sch\u00e4rfen. <br>Meine B\u00fchnenfigur Rita wartet auf das Ergebnis eines Schwangerschaftstests und setzt sich w\u00e4hrenddessen mit ihren Gef\u00fchlen und Gedanken zum Thema auseinander. Von Verwirrung \u00fcber Angst bis hin zu Wut ist alles dabei, nur Freude will sich nicht einstellen. Welche Haltung hat sie dazu? Wo kommt diese her? Welche Haltungen l\u00e4sst die Gesellschaft zu? Welche M\u00f6glichkeiten gibt das Gesetzbuch vor? Wer hat diese Gesetze gemacht? Und wie viel k\u00f6rperliche Selbstbestimmung h\u00e4lt unsere Gesellschaft bei dem Thema aus? <br><br>Wie immer wage ich mich humorvoll, unterhaltsam, ber\u00fchrend und informativ an das Thema. Unterst\u00fctzt werde ich \u00fcber Tonaufnahmen von Alessandra Bosch, Sabine Dotzer und Marion Jeiter. Im Anschluss freue ich mich auf ein respektvolles Publikumsgespr\u00e4ch.<\/p>\n\n\n\n<figure class=\"wp-block-image size-large is-resized\"><img loading=\"lazy\" decoding=\"async\" width=\"1024\" height=\"683\" src=\"http:\/\/658143.test-my-website.de\/wp-content\/uploads\/2025\/11\/9M4A1857-1024x683.jpg\" alt=\"\" class=\"wp-image-125\" style=\"width:500px\" srcset=\"https:\/\/stephaniebiesolt.de\/wp-content\/uploads\/2025\/11\/9M4A1857-1024x683.jpg 1024w, https:\/\/stephaniebiesolt.de\/wp-content\/uploads\/2025\/11\/9M4A1857-300x200.jpg 300w, https:\/\/stephaniebiesolt.de\/wp-content\/uploads\/2025\/11\/9M4A1857-768x512.jpg 768w, https:\/\/stephaniebiesolt.de\/wp-content\/uploads\/2025\/11\/9M4A1857-1536x1024.jpg 1536w, https:\/\/stephaniebiesolt.de\/wp-content\/uploads\/2025\/11\/9M4A1857-2048x1365.jpg 2048w\" sizes=\"auto, (max-width: 1024px) 100vw, 1024px\" \/><\/figure>\n\n\n\n<p class=\"has-text-color has-link-color has-extra-large-font-size wp-elements-2ccb3247ac8ffc572184dcb43595c5fb\" id=\"003\" style=\"color:#f6ade2\"><strong>\u201eUnd Tsch\u00fcss? \u2013 Wir m\u00fcssen endlich im gro\u00dfen Stil \u00fcber Abschiebung reden.\u201c<\/strong><\/p>\n\n\n\n<p class=\"has-content-heading-font-size\">Premiere 31.01.2025, Studio Theater<\/p>\n\n\n\n<p class=\"has-upper-heading-font-size\">Kaum ein anderes Thema wurde in den letzten Monaten so einseitig und emotionalisiert in der \u00d6ffentlichkeit diskutiert wie Abschiebung. In Talkshows \u00fcbertrumpfen sich Politiker*innen regelm\u00e4\u00dfig: \u201eWir werden mehr abschieben\u201c \u2013 \u201eNein, wir!\u201c \u2013 \u201eNein, wir!\u201c Wer will nochmal? Wer hat noch nicht? Wer bietet mehr? Wir bieten einen anderen Blick! <br>H\u00f6her, schneller, weiter, h\u00e4rter. <br><br>Mit ihrer Spielpartnerin Sabine Br\u00e4uning nimmt Stephanie Biesolt das Thema unter die Lupe. Wie laufen Abschiebungen ab? Was ist Abschiebehaft und wie sieht sie aus? Wer sind die Menschen, die mit Gewalt aus Deutschland ausgewiesen werden? Und was hat das Thema mit uns als Gesellschaft, unserer Demokratie, unseren B\u00fcrgerrechten und unserer Freiheit zu tun? <br>Was haben ein Auktionshaus, ein Wartezimmer beim Zahnarzt und Toilettenpapier damit zu tun? Ihr werdet es sehen! <br><br>Wie immer geht sie dabei an die Lachmuskeln, fordert die grauen Hirnzellen und es ist nie verkehrt, sich einen Stressball mitzubringen, denn hier bleibt kein Gem\u00fct unbewegt. Wir freuen uns auf eine respektvolle Diskussion im Anschluss.<\/p>\n\n\n\n<figure class=\"wp-block-image size-large is-resized\"><img loading=\"lazy\" decoding=\"async\" width=\"1024\" height=\"683\" src=\"http:\/\/658143.test-my-website.de\/wp-content\/uploads\/2025\/11\/9M4A2009-1-1024x683.jpg\" alt=\"\" class=\"wp-image-128\" style=\"width:500px\" srcset=\"https:\/\/stephaniebiesolt.de\/wp-content\/uploads\/2025\/11\/9M4A2009-1-1024x683.jpg 1024w, https:\/\/stephaniebiesolt.de\/wp-content\/uploads\/2025\/11\/9M4A2009-1-300x200.jpg 300w, https:\/\/stephaniebiesolt.de\/wp-content\/uploads\/2025\/11\/9M4A2009-1-768x512.jpg 768w, https:\/\/stephaniebiesolt.de\/wp-content\/uploads\/2025\/11\/9M4A2009-1-1536x1024.jpg 1536w, https:\/\/stephaniebiesolt.de\/wp-content\/uploads\/2025\/11\/9M4A2009-1-2048x1365.jpg 2048w\" sizes=\"auto, (max-width: 1024px) 100vw, 1024px\" \/><\/figure>\n\n\n\n<p class=\"has-text-color has-link-color has-extra-large-font-size wp-elements-1952e0cbdf8c770e5e851724aab88fe6\" id=\"002\" style=\"color:#f6ade2\"><strong>\u201eGef\u00e4hrliche Schlagseite! \u2013 Ist die EU noch zu retten?\u201c<\/strong><\/p>\n\n\n\n<p class=\"has-content-heading-font-size\">Premiere 02.06.2024, Poppinski Esslingen<\/p>\n\n\n\n<p class=\"has-upper-heading-font-size\">Eine Woche vor der Europwahl nimmt Stephanie Biesolt die EU unter die Lupe. Was die EU sein sollte. Was sie geworden ist. Und was sie sein k\u00f6nnte.<br><br>Mit viel Witz und hoher Informationsdichte schaut auf die Europ\u00e4ische Union. Ob in einem rasanten Monolog der uns durch die Geschichte der EU vom Ende des 2. Weltkrieges bis heute f\u00fchrt, in der Szene \u201eWer wird Demokratin?\u201c in der sie auf dem hei\u00dfen Stuhl sitzt oder in der n\u00e4chsten Szene, in der am Fr\u00fchst\u00fcckstisch die Fetzen zur Abschottungspolitik an den EU Au\u00dfengrenzen fliegen. <br><br>Wer Lust hat Herz und Hirn zu bem\u00fchen ist bei ihr genau richtig.<\/p>\n\n\n\n<p class=\"has-upper-heading-font-size\">Spielpartnerin: Sabine Dotzer\u00a0<\/p>\n\n\n\n<p class=\"has-text-color has-link-color has-extra-large-font-size wp-elements-e32bffbc42841b25af1d10299f4a5609\" id=\"001\" style=\"color:#f6ade2\"><strong>\u201eIst Blau das neue Braun?\u201c<\/strong><\/p>\n\n\n\n<p class=\"has-content-heading-font-size\">Premiere 18.02.2024, Poppinski Esslingen<\/p>\n\n\n\n<p class=\"has-upper-heading-font-size\">Die Correctiv Recherche im Januar 2024 hat ein kurzes aber atomares Schlaglicht auf die Ziele der AfD geworfen. Die Inhalte des Artikels waren nicht \u00fcberraschend, denn alle dort vorgestellten Ideen finden sich schon lange in der Sprache, in den Ver\u00f6ffentlichungen und zum Teil im Parteiprogramm der AfD. Wir schauen uns die Geschichte der Partei, ihr &#8222;Spitzenpersonal&#8220;, die Ideengeber:innen und das Weltbild dahinter an. Zeit nochmal genau auf die Partei zu blicken und Futter f\u00fcr die gesellschaftliche Auseinandersetzung zu liefern. Euch erwartet ein zugleich unterhaltsames wie hochinformatives B\u00fchnenprogramm.<\/p>\n\n\n\n<p class=\"has-upper-heading-font-size\">Mit viel Biss und Genauigkeit blicken wir auf das, was die AfD aus Deutschland machen will und f\u00fcr wen die Partei eine besondere Gefahr darstellt. Was haben ein Buchstabierwettbewerb, ein Sonntagsfr\u00fchst\u00fcck und eine Autofahrt auf der rechten Spur damit zu tun? \u2013 Ihr werdet es sehen.<\/p>\n\n\n\n<p class=\"has-upper-heading-font-size\">Spielpartnerin: Marion Jeiter<\/p>\n\n\n\n<figure class=\"wp-block-image size-large is-resized\"><img loading=\"lazy\" decoding=\"async\" width=\"1024\" height=\"683\" src=\"http:\/\/658143.test-my-website.de\/wp-content\/uploads\/2025\/11\/9M4A2137-1024x683.jpg\" alt=\"\" class=\"wp-image-127\" style=\"width:500px\" srcset=\"https:\/\/stephaniebiesolt.de\/wp-content\/uploads\/2025\/11\/9M4A2137-1024x683.jpg 1024w, https:\/\/stephaniebiesolt.de\/wp-content\/uploads\/2025\/11\/9M4A2137-300x200.jpg 300w, https:\/\/stephaniebiesolt.de\/wp-content\/uploads\/2025\/11\/9M4A2137-768x512.jpg 768w, https:\/\/stephaniebiesolt.de\/wp-content\/uploads\/2025\/11\/9M4A2137-1536x1024.jpg 1536w, https:\/\/stephaniebiesolt.de\/wp-content\/uploads\/2025\/11\/9M4A2137-2048x1365.jpg 2048w\" sizes=\"auto, (max-width: 1024px) 100vw, 1024px\" \/><\/figure>\n\n\n\n<p class=\"has-text-color has-link-color has-extra-large-font-size wp-elements-9eeb390e0203c56ab124be727621168c\" id=\"007\" style=\"color:#f6ade2\"><strong>\u201eStudio goes Politics\u201c Reihe im Studio Theater Stuttgart<\/strong><\/p>\n\n\n\n<p class=\"has-upper-heading-font-size\">In der Reihe \u00bbStudio goes Politics\u00ab im Studio Theater Stuttgart wirft Stephanie Biesolt einen kabarettistischen Blick auf die gesellschaftlichen, politischen und kontroversen Themen unserer Zeit. Sie schmei\u00dft sich kopf\u00fcber in eine intensive Recherche und kommt mit Witz, Charme und Ruhrpott-Schnauze auf der B\u00fchne wieder raus.<br><br>Sie ist auf der Suche nach Widerspr\u00fcchen, Haltung und Menschlichkeit. Unterst\u00fctzt wird sie dabei von unterschiedlichen k\u00fcnstlerischen G\u00e4sten.<br><br>Im Anschluss an das Programm nach einer kleine Pause freuen wir uns auf respektvolle Publikumsgespr\u00e4che, bei denen wir den Dialog in unserer Gemeinschaft vertiefen wollen.<br>Hier werden die Lachmuskeln und die grauen Zellen gleicherma\u00dfen trainiert. W\u00e4rmt lieber euer Zwerchfell auf und bringt euch Stressb\u00e4lle mit, bei uns bleibt kein Gem\u00fct unbewegt.<\/p>\n\n\n\n<p><\/p>\n","protected":false},"excerpt":{"rendered":"<p>&#8222;Auf die Armen mit Gebr\u00fcll&#8220; Premiere am 14.03.2026, Studio Theater Stuttgart Sozialhilfe, Hartz4, B\u00fcrgergeld, Grundsicherung. Die staatliche Absicherung vor Arbeitslosigkeit hatte schon viele Namen. Und alle wurden durch den Dreck gezogen. Im Schlepptau, die Menschen, die auf sie angewiesen sind. Arm wird gegen \u00c4rmer ausgespielt. Warum funktioniert das so gut? Warum haben Politiker*innen das Thema [&hellip;]<\/p>\n","protected":false},"author":1,"featured_media":0,"parent":0,"menu_order":0,"comment_status":"closed","ping_status":"closed","template":"","meta":{"footnotes":""},"class_list":["post-35","page","type-page","status-publish","hentry"],"_links":{"self":[{"href":"https:\/\/stephaniebiesolt.de\/index.php\/wp-json\/wp\/v2\/pages\/35","targetHints":{"allow":["GET"]}}],"collection":[{"href":"https:\/\/stephaniebiesolt.de\/index.php\/wp-json\/wp\/v2\/pages"}],"about":[{"href":"https:\/\/stephaniebiesolt.de\/index.php\/wp-json\/wp\/v2\/types\/page"}],"author":[{"embeddable":true,"href":"https:\/\/stephaniebiesolt.de\/index.php\/wp-json\/wp\/v2\/users\/1"}],"replies":[{"embeddable":true,"href":"https:\/\/stephaniebiesolt.de\/index.php\/wp-json\/wp\/v2\/comments?post=35"}],"version-history":[{"count":17,"href":"https:\/\/stephaniebiesolt.de\/index.php\/wp-json\/wp\/v2\/pages\/35\/revisions"}],"predecessor-version":[{"id":190,"href":"https:\/\/stephaniebiesolt.de\/index.php\/wp-json\/wp\/v2\/pages\/35\/revisions\/190"}],"wp:attachment":[{"href":"https:\/\/stephaniebiesolt.de\/index.php\/wp-json\/wp\/v2\/media?parent=35"}],"curies":[{"name":"wp","href":"https:\/\/api.w.org\/{rel}","templated":true}]}}